{"id":614,"date":"2021-04-23T21:38:52","date_gmt":"2021-04-23T18:38:52","guid":{"rendered":"http:\/\/www.dericihotel.com\/iletisim\/"},"modified":"2021-12-20T15:51:06","modified_gmt":"2021-12-20T12:51:06","slug":"contact","status":"publish","type":"page","link":"https:\/\/www.dericihotel.com\/en\/contact\/","title":{"rendered":"Contact"},"content":{"rendered":"<p>[vc_row][vc_column width=&#8221;1\/2&#8243;]<div class=\"sohohotel-title3 sohohotel-title-color\"><h4>Don\u2019t Hesitate to Contact Us!<\/h4><\/div><div class=\"wpforms-container wpforms-container-full\" id=\"wpforms-616\"><form id=\"wpforms-form-616\" class=\"wpforms-validate wpforms-form\" data-formid=\"616\" method=\"post\" enctype=\"multipart\/form-data\" action=\"\/en\/wp-json\/wp\/v2\/pages\/614\/\" data-token=\"4b08e55dead07cb26566d6015ece0761\"><noscript class=\"wpforms-error-noscript\">Please enable JavaScript in your browser to complete this form.<\/noscript><div class=\"wpforms-field-container\"><div id=\"wpforms-616-field_0-container\" class=\"wpforms-field wpforms-field-name\" data-field-id=\"0\"><label class=\"wpforms-field-label\" for=\"wpforms-616-field_0\">Name  <span class=\"wpforms-required-label\">*<\/span><\/label><input type=\"text\" id=\"wpforms-616-field_0\" class=\"wpforms-field-large wpforms-field-required\" name=\"wpforms[fields][0]\" required><\/div><div id=\"wpforms-616-field_1-container\" class=\"wpforms-field wpforms-field-email\" data-field-id=\"1\"><label class=\"wpforms-field-label\" for=\"wpforms-616-field_1\">Mail Address * <span class=\"wpforms-required-label\">*<\/span><\/label><input type=\"email\" id=\"wpforms-616-field_1\" class=\"wpforms-field-large wpforms-field-required\" name=\"wpforms[fields][1]\" spellcheck=\"false\" required><\/div><div id=\"wpforms-616-field_3-container\" class=\"wpforms-field wpforms-field-number\" data-field-id=\"3\"><label class=\"wpforms-field-label\" for=\"wpforms-616-field_3\">Phone Number <span class=\"wpforms-required-label\">*<\/span><\/label><input type=\"number\" pattern=\"\\d*\" id=\"wpforms-616-field_3\" class=\"wpforms-field-large wpforms-field-required\" name=\"wpforms[fields][3]\" required><\/div><div id=\"wpforms-616-field_2-container\" class=\"wpforms-field wpforms-field-textarea\" data-field-id=\"2\"><label class=\"wpforms-field-label\" for=\"wpforms-616-field_2\">Message  <span class=\"wpforms-required-label\">*<\/span><\/label><textarea id=\"wpforms-616-field_2\" class=\"wpforms-field-medium wpforms-field-required\" name=\"wpforms[fields][2]\" required><\/textarea><\/div><\/div><!-- .wpforms-field-container --><div class=\"wpforms-submit-container\" ><input type=\"hidden\" name=\"wpforms[id]\" value=\"616\"><input type=\"hidden\" name=\"wpforms[author]\" value=\"0\"><button type=\"submit\" name=\"wpforms[submit]\" id=\"wpforms-submit-616\" class=\"wpforms-submit\" data-alt-text=\"G\u00f6nderiliyor...\" data-submit-text=\"Send\" aria-live=\"assertive\" value=\"wpforms-submit\">Send<\/button><\/div><\/form><\/div>  <!-- .wpforms-container -->[vc_empty_space height=&#8221;40px&#8221;][\/vc_column][vc_column width=&#8221;1\/2&#8243;]<div class=\"sohohotel-title3 sohohotel-title-color\"><h4>Our Contact Information<\/h4><\/div><ul class=\"sohohotel-contact-details-list\"><li class=\"sohohotel-address clearfix\">Ataturk Blv. No:42\/1 09400 Ku\u015fadas\u0131 - Ayd\u0131n TURKEY<\/li><li class=\"sohohotel-phone clearfix\">0 256 645 01 68<\/li><li class=\"sohohotel-email clearfix\"><a href=\"mailto:info@dericihotel.com\">info@dericihotel.com<\/a><\/li><\/ul>[\/vc_column][\/vc_row][vc_row][vc_column][vc_column_text]<iframe loading=\"lazy\" style=\"border: 0;\" src=\"https:\/\/www.google.com\/maps\/embed?pb=!1m18!1m12!1m3!1d3149.879116526145!2d27.259376015080726!3d37.86311881484529!2m3!1f0!2f0!3f0!3m2!1i1024!2i768!4f13.1!3m3!1m2!1s0x14bea5e3eefc3e43%3A0x910dcb20628690c5!2sDerici%20Hotel!5e0!3m2!1str!2str!4v1619203423666!5m2!1str!2str\" width=\"100%\" height=\"450\" allowfullscreen=\"allowfullscreen\"><\/iframe>[\/vc_column_text][\/vc_column][\/vc_row]<\/p>\n","protected":false},"excerpt":{"rendered":"<p>[vc_row][vc_column width=&#8221;1\/2&#8243;][vc_empty_space height=&#8221;40px&#8221;][\/vc_column][vc_column width=&#8221;1\/2&#8243;][\/vc_column][\/vc_row][vc_row][vc_column][vc_column_text][\/vc_column_text][\/vc_column][\/vc_row]<\/p>\n<a href=\"https:\/\/www.dericihotel.com\/en\/contact\/\" class=\"sohohotel-more-link\">Read More<i class=\"fa fa-angle-right\"><\/i><\/a>","protected":false},"author":0,"featured_media":0,"parent":0,"menu_order":0,"comment_status":"closed","ping_status":"closed","template":"","meta":{"footnotes":""},"class_list":["post-614","page","type-page","status-publish","hentry"],"_links":{"self":[{"href":"https:\/\/www.dericihotel.com\/en\/wp-json\/wp\/v2\/pages\/614\/"}],"collection":[{"href":"https:\/\/www.dericihotel.com\/en\/wp-json\/wp\/v2\/pages\/"}],"about":[{"href":"https:\/\/www.dericihotel.com\/en\/wp-json\/wp\/v2\/types\/page\/"}],"replies":[{"embeddable":true,"href":"https:\/\/www.dericihotel.com\/en\/wp-json\/wp\/v2\/comments\/?post=614"}],"version-history":[{"count":3,"href":"https:\/\/www.dericihotel.com\/en\/wp-json\/wp\/v2\/pages\/614\/revisions\/"}],"predecessor-version":[{"id":755,"href":"https:\/\/www.dericihotel.com\/en\/wp-json\/wp\/v2\/pages\/614\/revisions\/755\/"}],"wp:attachment":[{"href":"https:\/\/www.dericihotel.com\/en\/wp-json\/wp\/v2\/media\/?parent=614"}],"curies":[{"name":"wp","href":"https:\/\/api.w.org\/{rel}","templated":true}]}}