{"id":638,"date":"2021-04-23T21:38:51","date_gmt":"2021-04-23T18:38:51","guid":{"rendered":"http:\/\/www.dericihotel.com\/hakkimizda\/"},"modified":"2021-12-20T16:09:01","modified_gmt":"2021-12-20T13:09:01","slug":"about-us","status":"publish","type":"page","link":"https:\/\/www.dericihotel.com\/en\/about-us\/","title":{"rendered":"About Us"},"content":{"rendered":"<p>[vc_row][vc_column width=&#8221;1\/2&#8243;]<div class=\"sohohotel-title3 sohohotel-title-color\"><h4>About Us<\/h4><\/div>[vc_column_text]Hotel Derici that serves all year long since 1989 is located in the center of Ku\u015fadas\u0131.\u00a0 It hosts its guests with Bed &amp; Breakfast and half-board concepts\u2026<\/p>\n<p>It is possible to have fun and rest with its indoor and outdoor swimming pools. You can relax by benefiting from services such as table tennis, billiard, sauna, steam room, fitness center and massage in the Spa Center, and feel rejuvenated.<\/p>\n<p>You can eat in the a la carte restaurant, outdoor restaurant, indoor restaurant in the facility which you can benefit from during your stay.<\/p>\n<p>Our hotel is 30m from the sea, 70m from the beach, 20m from taxi stand, 50m from the mall, 80km from \u0130zmir Adnan Menderes Airport, 18km from Efes, 20km from Sel\u00e7uk, 25km from House of the Virgin Mary, 20km from Temple of Artemis, 30km from \u015eirince Village, 25km from the National Park,[\/vc_column_text][vc_empty_space][\/vc_column][vc_column width=&#8221;1\/2&#8243;][vc_empty_space][vc_gallery type=&#8221;flexslider_slide&#8221; interval=&#8221;3&#8243; images=&#8221;349,337,338,339,341,342,343,344,345,346,347,348,350&#8243; img_size=&#8221;full&#8221;][\/vc_column][\/vc_row]<\/p>\n","protected":false},"excerpt":{"rendered":"<p>[vc_row][vc_column width=&#8221;1\/2&#8243;][vc_column_text]Hotel Derici that serves all year long since 1989 is located in the center of Ku\u015fadas\u0131.\u00a0 It hosts its guests with Bed &amp; Breakfast and half-board concepts\u2026 It is possible to have fun and rest with its indoor and outdoor swimming pools. You can relax by benefiting from services such as table tennis, billiard,<\/p>\n<a href=\"https:\/\/www.dericihotel.com\/en\/about-us\/\" class=\"sohohotel-more-link\">Read More<i class=\"fa fa-angle-right\"><\/i><\/a>","protected":false},"author":0,"featured_media":0,"parent":0,"menu_order":0,"comment_status":"closed","ping_status":"closed","template":"","meta":{"footnotes":""},"class_list":["post-638","page","type-page","status-publish","hentry"],"_links":{"self":[{"href":"https:\/\/www.dericihotel.com\/en\/wp-json\/wp\/v2\/pages\/638\/"}],"collection":[{"href":"https:\/\/www.dericihotel.com\/en\/wp-json\/wp\/v2\/pages\/"}],"about":[{"href":"https:\/\/www.dericihotel.com\/en\/wp-json\/wp\/v2\/types\/page\/"}],"replies":[{"embeddable":true,"href":"https:\/\/www.dericihotel.com\/en\/wp-json\/wp\/v2\/comments\/?post=638"}],"version-history":[{"count":1,"href":"https:\/\/www.dericihotel.com\/en\/wp-json\/wp\/v2\/pages\/638\/revisions\/"}],"predecessor-version":[{"id":640,"href":"https:\/\/www.dericihotel.com\/en\/wp-json\/wp\/v2\/pages\/638\/revisions\/640\/"}],"wp:attachment":[{"href":"https:\/\/www.dericihotel.com\/en\/wp-json\/wp\/v2\/media\/?parent=638"}],"curies":[{"name":"wp","href":"https:\/\/api.w.org\/{rel}","templated":true}]}}