{"id":126,"date":"2021-04-23T21:38:52","date_gmt":"2021-04-23T18:38:52","guid":{"rendered":"http:\/\/dericihotel.com\/?page_id=126"},"modified":"2025-04-03T14:48:51","modified_gmt":"2025-04-03T11:48:51","slug":"home","status":"publish","type":"page","link":"https:\/\/www.dericihotel.com\/tr\/","title":{"rendered":"Anasayfa"},"content":{"rendered":"<p>[vc_row css=&#8221;\u201d.vc_custom_1537517367646{margin-top:&#8221;][vc_column css=&#8221;\u201d.vc_custom_1537517359601{margin-top:&#8221;][rev_slider_vc alias=&#8221;homepage1&#8243;][\/vc_column][\/vc_row][vc_row el_class=&#8221;mobiltelefonalanii&#8221;][vc_column][vc_column_text]<\/p>\n<h3 style=\"text-align: center;\">Bilgi &amp; Rezaervasyon<br \/>\n<a href=\"tel:02566450168\">0 256 645 01 68<\/a><\/h3>\n<p>[\/vc_column_text][\/vc_column][\/vc_row][vc_row fixed_width=&#8221;true&#8221; css=&#8221;.vc_custom_1619267679266{margin-top: 60px !important;margin-bottom: 60px !important;}&#8221;][vc_column width=&#8221;1\/2&#8243;]<div class=\"sohohotel-title1 sohohotel-title-color\"><h1>Ku\u015fadas\u0131 Otel Derici<\/h1><h3>Marina, City, Hotel<\/h3><\/div>[vc_column_text]<\/p>\n<p style=\"text-align: center;\"><span style=\"color: #7e8286;\">1989 y\u0131l\u0131ndan bug\u00fcne t\u00fcm y\u0131l hizmet veren Derici Otel Ku\u015fadas\u0131 Merkezinde bulunmaktad\u0131r. Oda Kahvalt\u0131 ve yar\u0131m pansiyon konseptiyle misafirlerini a\u011f\u0131rlamaktad\u0131r\u2026<\/span><\/p>\n<p>&nbsp;<\/p>\n<p>[\/vc_column_text][\/vc_column][vc_column width=&#8221;1\/2&#8243;][vc_single_image image=&#8221;488&#8243; img_size=&#8221;full&#8221;][\/vc_column][\/vc_row][vc_row css=&#8221;.vc_custom_1743670156035{margin-top: 0px !important;margin-right: 0px !important;margin-left: 0px !important;border-top-width: 0px !important;border-right-width: 0px !important;border-bottom-width: 0px !important;border-left-width: 0px !important;padding-top: 80px !important;padding-right: 0px !important;padding-bottom: 80px !important;padding-left: 0px !important;background-color: #1c1c1c !important;}&#8221; el_class=&#8221;dt-skin-secondary-color&#8221;][vc_column css=&#8221;.vc_custom_1537520810268{margin-top: 0px !important;margin-right: 0px !important;margin-bottom: 0px !important;margin-left: 0px !important;border-top-width: 0px !important;border-right-width: 0px !important;border-bottom-width: 0px !important;border-left-width: 0px !important;padding-top: 0px !important;padding-right: 0px !important;padding-bottom: 0px !important;padding-left: 0px !important;}&#8221;]<div class=\"sohohotel-title2 sohohotel-title-color2\"><h3>Odalar\u0131m\u0131z<\/h3><\/div>[vc_column_text el_class=&#8221;sohohotel-accommodation-carousel-text&#8221;]<\/p>\n<p style=\"text-align: center;\"><span style=\"color: #ffffff;\">A\u00e7\u0131k ve kapal\u0131 y\u00fczme havuzlar\u0131 ile e\u011flenme ve dinlenme imkan\u0131 bulabilirsiniz. Masa tenisi, Bilardo, Spa Merkezinde sauna, buhar odas\u0131, fitness center, masaj hizmetlerinden faydalanarak rahatlayabilir ve kendinizi yenilenmi\u015f hissedebilirsiniz.<\/span><\/p>\n<p>&nbsp;<\/p>\n<p>[\/vc_column_text]\t\t\n\t\t<!-- BEGIN .accommodation-carousel -->\n\t\t<div class=\"accommodation-carousel sohohotel-owl-carousel-3\">\n\t\t\n\t\t\t\t\t\t\t\t\t\n\t\t\t\t\t\t<!-- BEGIN .accommodation-block -->\n\t\t\t\t\t\t<div class=\"accommodation-block\">\n\n\t\t\t\t\t\t\t<div class=\"accommodation-block-image\">\n\t\t\t\t\t\t\t\t\t\t\t\t\t\t\t\t\t<a href=\"https:\/\/www.dericihotel.com\/tr\/accommodation\/suit-oda\/\" rel=\"bookmark\" title=\"Suit Oda\">\n\t\t\t\t\t\t\t\t\t\t\t\t\t\t\t\t\t\t\t\t<img decoding=\"async\" src=\"https:\/\/www.dericihotel.com\/wp-content\/uploads\/2021\/04\/rsz_img_8883-600x380.jpg\" alt=\"Suit Oda\" \/>\t\t\t\t\t\t\t\t\t<\/a>\n\t\t\t\t\t\t\t\t\t\t\t\t\t\t\t<\/div>\n\n\t\t\t\t\t\t\t<div class=\"accommodation-block-content\">\n\t\t\t\t\t\t\t\t<h4><a href=\"https:\/\/www.dericihotel.com\/tr\/accommodation\/suit-oda\/\" rel=\"bookmark\" title=\"Suit Oda\">Suit Oda<\/a><\/h4>\n\n\t\t\t\t\t\t\t\t<ul>\r\n<li><span>Ki\u015fi Say\u0131s\u0131:<\/span> 2 Ki\u015fi<\/li>\r\n<li><span>Oda Boyutu:<\/span> 52M<sup>2<\/sup><\/li>\r\n<\/ul>\t\n\t\t\t\t\t\t\t\t<div class=\"shb-clearfix\">\n\t\t\t\t\t\t\t\t\t<a href=\"https:\/\/www.dericihotel.com\/tr\/accommodation\/suit-oda\/\" class=\"price-button\">from $0.00 <\/a>\n\t\t\t\t\t\t\t\t\t<a href=\"https:\/\/www.dericihotel.com\/tr\/accommodation\/suit-oda\/\" class=\"view-details-button\">Detaylar\u0131 g\u00f6ster <i class=\"fa fa-angle-right\"><\/i><\/a>\n\t\t\t\t\t\t\t\t<\/div>\n\t\n\t\t\t\t\t\t\t<\/div>\n\n\t\t\t\t\t\t<!-- END .accommodation-block -->\n\t\t\t\t\t\t<\/div>\n\t\t\t\t\t\n\t\t\t\t\t\t\t\t\t\n\t\t\t\t\t\t<!-- BEGIN .accommodation-block -->\n\t\t\t\t\t\t<div class=\"accommodation-block\">\n\n\t\t\t\t\t\t\t<div class=\"accommodation-block-image\">\n\t\t\t\t\t\t\t\t\t\t\t\t\t\t\t\t\t<a href=\"https:\/\/www.dericihotel.com\/tr\/accommodation\/standart-oda\/\" rel=\"bookmark\" title=\"Standart Oda\">\n\t\t\t\t\t\t\t\t\t\t\t\t\t\t\t\t\t\t\t\t<img decoding=\"async\" src=\"https:\/\/www.dericihotel.com\/wp-content\/uploads\/2021\/04\/rsz_img_8791_ok-600x380.jpg\" alt=\"Standart Oda\" \/>\t\t\t\t\t\t\t\t\t<\/a>\n\t\t\t\t\t\t\t\t\t\t\t\t\t\t\t<\/div>\n\n\t\t\t\t\t\t\t<div class=\"accommodation-block-content\">\n\t\t\t\t\t\t\t\t<h4><a href=\"https:\/\/www.dericihotel.com\/tr\/accommodation\/standart-oda\/\" rel=\"bookmark\" title=\"Standart Oda\">Standart Oda<\/a><\/h4>\n\n\t\t\t\t\t\t\t\t<ul>\r\n<li><span>Ki\u015fi Say\u0131s\u0131:<\/span> 2 Ki\u015fi<\/li>\r\n<li><span>Oda Boyutu:<\/span> 26M<sup>2<\/sup><\/li>\r\n<\/ul>\t\n\t\t\t\t\t\t\t\t<div class=\"shb-clearfix\">\n\t\t\t\t\t\t\t\t\t<a href=\"https:\/\/www.dericihotel.com\/tr\/accommodation\/standart-oda\/\" class=\"price-button\">from $0.00 <\/a>\n\t\t\t\t\t\t\t\t\t<a href=\"https:\/\/www.dericihotel.com\/tr\/accommodation\/standart-oda\/\" class=\"view-details-button\">Detaylar\u0131 g\u00f6ster <i class=\"fa fa-angle-right\"><\/i><\/a>\n\t\t\t\t\t\t\t\t<\/div>\n\t\n\t\t\t\t\t\t\t<\/div>\n\n\t\t\t\t\t\t<!-- END .accommodation-block -->\n\t\t\t\t\t\t<\/div>\n\t\t\t\t\t\n\t\t\t\t\t\t\n\t\t\t<!-- END .accommodation-carousel -->\n\t\t\t<\/div>\n\t\t\n\t[\/vc_column][\/vc_row]<\/p>\n","protected":false},"excerpt":{"rendered":"<p>[vc_row css=&#8221;\u201d.vc_custom_1537517367646{margin-top:&#8221;][vc_column css=&#8221;\u201d.vc_custom_1537517359601{margin-top:&#8221;][rev_slider_vc alias=&#8221;homepage1&#8243;][\/vc_column][\/vc_row][vc_row el_class=&#8221;mobiltelefonalanii&#8221;][vc_column][vc_column_text] Bilgi &amp; Rezaervasyon 0 256 645 01 68 [\/vc_column_text][\/vc_column][\/vc_row][vc_row fixed_width=&#8221;true&#8221; css=&#8221;.vc_custom_1619267679266{margin-top: 60px !important;margin-bottom: 60px !important;}&#8221;][vc_column width=&#8221;1\/2&#8243;][vc_column_text] 1989 y\u0131l\u0131ndan bug\u00fcne t\u00fcm y\u0131l hizmet veren Derici Otel Ku\u015fadas\u0131 Merkezinde bulunmaktad\u0131r. Oda Kahvalt\u0131 ve yar\u0131m pansiyon konseptiyle misafirlerini a\u011f\u0131rlamaktad\u0131r\u2026 &nbsp; [\/vc_column_text][\/vc_column][vc_column width=&#8221;1\/2&#8243;][vc_single_image image=&#8221;488&#8243; img_size=&#8221;full&#8221;][\/vc_column][\/vc_row][vc_row css=&#8221;.vc_custom_1743670156035{margin-top: 0px !important;margin-right: 0px !important;margin-left: 0px !important;border-top-width: 0px !important;border-right-width:<\/p>\n<a href=\"https:\/\/www.dericihotel.com\/tr\/accommodation\/standart-oda\/\" class=\"sohohotel-more-link\">Read More<i class=\"fa fa-angle-right\"><\/i><\/a>","protected":false},"author":3,"featured_media":0,"parent":0,"menu_order":0,"comment_status":"closed","ping_status":"closed","template":"","meta":{"footnotes":""},"class_list":["post-126","page","type-page","status-publish","hentry"],"_links":{"self":[{"href":"https:\/\/www.dericihotel.com\/tr\/wp-json\/wp\/v2\/pages\/126\/"}],"collection":[{"href":"https:\/\/www.dericihotel.com\/tr\/wp-json\/wp\/v2\/pages\/"}],"about":[{"href":"https:\/\/www.dericihotel.com\/tr\/wp-json\/wp\/v2\/types\/page\/"}],"author":[{"embeddable":true,"href":"https:\/\/www.dericihotel.com\/tr\/wp-json\/wp\/v2\/users\/3\/"}],"replies":[{"embeddable":true,"href":"https:\/\/www.dericihotel.com\/tr\/wp-json\/wp\/v2\/comments\/?post=126"}],"version-history":[{"count":25,"href":"https:\/\/www.dericihotel.com\/tr\/wp-json\/wp\/v2\/pages\/126\/revisions\/"}],"predecessor-version":[{"id":762,"href":"https:\/\/www.dericihotel.com\/tr\/wp-json\/wp\/v2\/pages\/126\/revisions\/762\/"}],"wp:attachment":[{"href":"https:\/\/www.dericihotel.com\/tr\/wp-json\/wp\/v2\/media\/?parent=126"}],"curies":[{"name":"wp","href":"https:\/\/api.w.org\/{rel}","templated":true}]}}