{"id":438,"date":"2021-04-24T14:10:06","date_gmt":"2021-04-24T11:10:06","guid":{"rendered":"http:\/\/dericihotel.com\/?page_id=438"},"modified":"2025-04-03T11:35:46","modified_gmt":"2025-04-03T08:35:46","slug":"spa-merkezi","status":"publish","type":"page","link":"https:\/\/www.dericihotel.com\/tr\/spa-merkezi\/","title":{"rendered":"SPA Merkezi"},"content":{"rendered":"<p>[vc_row][vc_column width=&#8221;1\/2&#8243;][vc_gallery interval=&#8221;3&#8243; images=&#8221;440,441,443,444\u2033&#8221; img_size=&#8221;full&#8221;][\/vc_column][vc_column width=&#8221;1\/2&#8243;][vc_column_text]Otelimiz b\u00fcnyesinde bulunup Spa merkezinde yorgun d\u00fc\u015fen bedeninizi tekrar canland\u0131racak;<\/p>\n<ul>\n<li>Kapal\u0131 Havuz<\/li>\n<li>Sauna<\/li>\n<li>Buhar Odas\u0131<\/li>\n<li>Fitness Center<\/li>\n<li>T\u00fcrk Hamam\u0131<\/li>\n<\/ul>\n<p>Masaj Se\u00e7enekleriniz Mevcuttur.[\/vc_column_text][\/vc_column][\/vc_row]<\/p>\n","protected":false},"excerpt":{"rendered":"<p>[vc_row][vc_column width=&#8221;1\/2&#8243;][vc_gallery interval=&#8221;3&#8243; images=&#8221;440,441,443,444\u2033&#8221; img_size=&#8221;full&#8221;][\/vc_column][vc_column width=&#8221;1\/2&#8243;][vc_column_text]Otelimiz b\u00fcnyesinde bulunup Spa merkezinde yorgun d\u00fc\u015fen bedeninizi tekrar canland\u0131racak; Kapal\u0131 Havuz Sauna Buhar Odas\u0131 Fitness Center T\u00fcrk Hamam\u0131 Masaj Se\u00e7enekleriniz Mevcuttur.[\/vc_column_text][\/vc_column][\/vc_row]<\/p>\n<a href=\"https:\/\/www.dericihotel.com\/tr\/spa-merkezi\/\" class=\"sohohotel-more-link\">Read More<i class=\"fa fa-angle-right\"><\/i><\/a>","protected":false},"author":3,"featured_media":0,"parent":0,"menu_order":0,"comment_status":"closed","ping_status":"closed","template":"","meta":{"footnotes":""},"class_list":["post-438","page","type-page","status-publish","hentry"],"_links":{"self":[{"href":"https:\/\/www.dericihotel.com\/tr\/wp-json\/wp\/v2\/pages\/438\/"}],"collection":[{"href":"https:\/\/www.dericihotel.com\/tr\/wp-json\/wp\/v2\/pages\/"}],"about":[{"href":"https:\/\/www.dericihotel.com\/tr\/wp-json\/wp\/v2\/types\/page\/"}],"author":[{"embeddable":true,"href":"https:\/\/www.dericihotel.com\/tr\/wp-json\/wp\/v2\/users\/3\/"}],"replies":[{"embeddable":true,"href":"https:\/\/www.dericihotel.com\/tr\/wp-json\/wp\/v2\/comments\/?post=438"}],"version-history":[{"count":5,"href":"https:\/\/www.dericihotel.com\/tr\/wp-json\/wp\/v2\/pages\/438\/revisions\/"}],"predecessor-version":[{"id":748,"href":"https:\/\/www.dericihotel.com\/tr\/wp-json\/wp\/v2\/pages\/438\/revisions\/748\/"}],"wp:attachment":[{"href":"https:\/\/www.dericihotel.com\/tr\/wp-json\/wp\/v2\/media\/?parent=438"}],"curies":[{"name":"wp","href":"https:\/\/api.w.org\/{rel}","templated":true}]}}