{"id":450,"date":"2021-04-24T14:17:54","date_gmt":"2021-04-24T11:17:54","guid":{"rendered":"http:\/\/dericihotel.com\/?page_id=450"},"modified":"2023-03-14T14:40:08","modified_gmt":"2023-03-14T11:40:08","slug":"acik-kapali-yuzme-havuzu","status":"publish","type":"page","link":"https:\/\/www.dericihotel.com\/tr\/acik-kapali-yuzme-havuzu\/","title":{"rendered":"A\u00e7\u0131k &#038; Kapal\u0131 Y\u00fczme Havuzu"},"content":{"rendered":"<p>[vc_row][vc_column width=&#8221;1\/2&#8243;][vc_gallery type=&#8221;flexslider_slide&#8221; interval=&#8221;3&#8243; images=&#8221;517,519,457&#8243; img_size=&#8221;full&#8221;][\/vc_column][vc_column width=&#8221;1\/2&#8243;][vc_column_text]Terasta Panoramik Manzara e\u015fli\u011finde a\u00e7\u0131k y\u00fczme havuzu 48 m\u00b2, \u00e7ocuk havuzu10 m\u00b2<\/p>\n<p>Havuz Bar, Aperatif yemek servisi, m\u00fczik yay\u0131n\u0131, g\u00fcne\u015flenme alan\u0131, \u00fccretsiz \u015fezlong &amp; \u015femsiye yaz sezonu s\u00fcresince hizmet vermektedir.<\/p>\n<p>Kapal\u0131 y\u00fczme havuzu\u00a030\u00a0m\u00b2, Spa Merkezinde t\u00fcm y\u0131l hizmet vermektedir.[\/vc_column_text][\/vc_column][\/vc_row]<\/p>\n","protected":false},"excerpt":{"rendered":"<p>[vc_row][vc_column width=&#8221;1\/2&#8243;][vc_gallery type=&#8221;flexslider_slide&#8221; interval=&#8221;3&#8243; images=&#8221;517,519,457&#8243; img_size=&#8221;full&#8221;][\/vc_column][vc_column width=&#8221;1\/2&#8243;][vc_column_text]Terasta Panoramik Manzara e\u015fli\u011finde a\u00e7\u0131k y\u00fczme havuzu 48 m\u00b2, \u00e7ocuk havuzu10 m\u00b2 Havuz Bar, Aperatif yemek servisi, m\u00fczik yay\u0131n\u0131, g\u00fcne\u015flenme alan\u0131, \u00fccretsiz \u015fezlong &amp; \u015femsiye yaz sezonu s\u00fcresince hizmet vermektedir. Kapal\u0131 y\u00fczme havuzu\u00a030\u00a0m\u00b2, Spa Merkezinde t\u00fcm y\u0131l hizmet vermektedir.[\/vc_column_text][\/vc_column][\/vc_row]<\/p>\n<a href=\"https:\/\/www.dericihotel.com\/tr\/acik-kapali-yuzme-havuzu\/\" class=\"sohohotel-more-link\">Read More<i class=\"fa fa-angle-right\"><\/i><\/a>","protected":false},"author":0,"featured_media":0,"parent":0,"menu_order":0,"comment_status":"closed","ping_status":"closed","template":"","meta":{"footnotes":""},"class_list":["post-450","page","type-page","status-publish","hentry"],"_links":{"self":[{"href":"https:\/\/www.dericihotel.com\/tr\/wp-json\/wp\/v2\/pages\/450\/"}],"collection":[{"href":"https:\/\/www.dericihotel.com\/tr\/wp-json\/wp\/v2\/pages\/"}],"about":[{"href":"https:\/\/www.dericihotel.com\/tr\/wp-json\/wp\/v2\/types\/page\/"}],"replies":[{"embeddable":true,"href":"https:\/\/www.dericihotel.com\/tr\/wp-json\/wp\/v2\/comments\/?post=450"}],"version-history":[{"count":4,"href":"https:\/\/www.dericihotel.com\/tr\/wp-json\/wp\/v2\/pages\/450\/revisions\/"}],"predecessor-version":[{"id":689,"href":"https:\/\/www.dericihotel.com\/tr\/wp-json\/wp\/v2\/pages\/450\/revisions\/689\/"}],"wp:attachment":[{"href":"https:\/\/www.dericihotel.com\/tr\/wp-json\/wp\/v2\/media\/?parent=450"}],"curies":[{"name":"wp","href":"https:\/\/api.w.org\/{rel}","templated":true}]}}