{"id":463,"date":"2021-04-24T14:24:56","date_gmt":"2021-04-24T11:24:56","guid":{"rendered":"http:\/\/dericihotel.com\/?page_id=463"},"modified":"2025-04-03T11:34:45","modified_gmt":"2025-04-03T08:34:45","slug":"toplanti-salonlarimiz","status":"publish","type":"page","link":"https:\/\/www.dericihotel.com\/tr\/toplanti-salonlarimiz\/","title":{"rendered":"Toplant\u0131 Salonlar\u0131m\u0131z"},"content":{"rendered":"<p>[vc_row][vc_column width=&#8221;1\/2&#8243;][vc_gallery interval=&#8221;3&#8243; images=&#8221;465,466,467,468,469,470&#8243; img_size=&#8221;full&#8221;][\/vc_column][vc_column width=&#8221;1\/2&#8243;][vc_column_text]<b>\u015eehir merkezinde bulunan otelimizde 5 ile 100 ki\u015filik gruplar\u0131n\u0131zla yapaca\u011f\u0131n\u0131z toplant\u0131lar i\u00e7in haz\u0131rlanm\u0131\u015f salonlar\u0131m\u0131zda ekip ve ekipmanlar\u0131m\u0131zla hizmetinizdeyiz.<\/b><\/p>\n<ul>\n<li>Projekt\u00f6r<\/li>\n<li>Projeksiyon tahtas\u0131<\/li>\n<li>Tepeg\u00f6z<\/li>\n<li>Flip chard<\/li>\n<li>Kablolu mikrofon<\/li>\n<li>Kablosuz mikrofon<\/li>\n<li>Televizyon<\/li>\n<li>K\u00fcrs\u00fc<\/li>\n<li>Kablosuz internet eri\u015fimi<\/li>\n<\/ul>\n<p>[\/vc_column_text][\/vc_column][\/vc_row]<\/p>\n","protected":false},"excerpt":{"rendered":"<p>[vc_row][vc_column width=&#8221;1\/2&#8243;][vc_gallery interval=&#8221;3&#8243; images=&#8221;465,466,467,468,469,470&#8243; img_size=&#8221;full&#8221;][\/vc_column][vc_column width=&#8221;1\/2&#8243;][vc_column_text]\u015eehir merkezinde bulunan otelimizde 5 ile 100 ki\u015filik gruplar\u0131n\u0131zla yapaca\u011f\u0131n\u0131z toplant\u0131lar i\u00e7in haz\u0131rlanm\u0131\u015f salonlar\u0131m\u0131zda ekip ve ekipmanlar\u0131m\u0131zla hizmetinizdeyiz. Projekt\u00f6r Projeksiyon tahtas\u0131 Tepeg\u00f6z Flip chard Kablolu mikrofon Kablosuz mikrofon Televizyon K\u00fcrs\u00fc Kablosuz internet eri\u015fimi [\/vc_column_text][\/vc_column][\/vc_row]<\/p>\n<a href=\"https:\/\/www.dericihotel.com\/tr\/toplanti-salonlarimiz\/\" class=\"sohohotel-more-link\">Read More<i class=\"fa fa-angle-right\"><\/i><\/a>","protected":false},"author":3,"featured_media":0,"parent":0,"menu_order":0,"comment_status":"closed","ping_status":"closed","template":"","meta":{"footnotes":""},"class_list":["post-463","page","type-page","status-publish","hentry"],"_links":{"self":[{"href":"https:\/\/www.dericihotel.com\/tr\/wp-json\/wp\/v2\/pages\/463\/"}],"collection":[{"href":"https:\/\/www.dericihotel.com\/tr\/wp-json\/wp\/v2\/pages\/"}],"about":[{"href":"https:\/\/www.dericihotel.com\/tr\/wp-json\/wp\/v2\/types\/page\/"}],"author":[{"embeddable":true,"href":"https:\/\/www.dericihotel.com\/tr\/wp-json\/wp\/v2\/users\/3\/"}],"replies":[{"embeddable":true,"href":"https:\/\/www.dericihotel.com\/tr\/wp-json\/wp\/v2\/comments\/?post=463"}],"version-history":[{"count":3,"href":"https:\/\/www.dericihotel.com\/tr\/wp-json\/wp\/v2\/pages\/463\/revisions\/"}],"predecessor-version":[{"id":746,"href":"https:\/\/www.dericihotel.com\/tr\/wp-json\/wp\/v2\/pages\/463\/revisions\/746\/"}],"wp:attachment":[{"href":"https:\/\/www.dericihotel.com\/tr\/wp-json\/wp\/v2\/media\/?parent=463"}],"curies":[{"name":"wp","href":"https:\/\/api.w.org\/{rel}","templated":true}]}}