{"id":473,"date":"2021-04-24T14:35:05","date_gmt":"2021-04-24T11:35:05","guid":{"rendered":"http:\/\/dericihotel.com\/?page_id=473"},"modified":"2025-04-03T11:35:18","modified_gmt":"2025-04-03T08:35:18","slug":"restaurant-cafe-bar","status":"publish","type":"page","link":"https:\/\/www.dericihotel.com\/tr\/restaurant-cafe-bar\/","title":{"rendered":"Restaurant &#038; Cafe Bar"},"content":{"rendered":"<p>[vc_row][vc_column width=&#8221;1\/2&#8243;][vc_gallery interval=&#8221;3&#8243; images=&#8221;475,476,477,478,479,480,481,482,483,484,485,486,487&#8243; img_size=&#8221;full&#8221;][\/vc_column][vc_column width=&#8221;1\/2&#8243;][vc_column_text]<b><strong>Oda Kahvalt\u0131 ve Yar\u0131m Pansiyon konseptte hizmet veren otelimizde kahvalt\u0131 ve ak\u015fam yeme\u011fi haricinde al\u0131nan t\u00fcm yiyecekler \u00fccretlidir. Ayr\u0131ca otel genelinde al\u0131nan t\u00fcm i\u00e7ecekler \u00fccretlidir&#8230;<\/strong><\/b><\/p>\n<p>Konaklaman\u0131z boyunca faydalanabilece\u011finiz otelimizin teras\u0131nda bulunan Turkuaz Restaurant, Ana Restaurant, Ala carte restaurant ve havuz Kat\u0131m\u0131zda bulunan Snack barda yiyecek i\u00e7ecek servisi alabilirsiniz.<\/p>\n<p>Kahvalt\u0131 t\u00fcm y\u0131l A\u00e7\u0131k B\u00fcfe,\u00a0Ak\u015fam Yemekleri yaz sezonunda a\u00e7\u0131k B\u00fcfe, yaz sezonu d\u0131\u015f\u0131nda Set Men\u00fc servis edilmektedir[\/vc_column_text][\/vc_column][\/vc_row]<\/p>\n","protected":false},"excerpt":{"rendered":"<p>[vc_row][vc_column width=&#8221;1\/2&#8243;][vc_gallery interval=&#8221;3&#8243; images=&#8221;475,476,477,478,479,480,481,482,483,484,485,486,487&#8243; img_size=&#8221;full&#8221;][\/vc_column][vc_column width=&#8221;1\/2&#8243;][vc_column_text]Oda Kahvalt\u0131 ve Yar\u0131m Pansiyon konseptte hizmet veren otelimizde kahvalt\u0131 ve ak\u015fam yeme\u011fi haricinde al\u0131nan t\u00fcm yiyecekler \u00fccretlidir. Ayr\u0131ca otel genelinde al\u0131nan t\u00fcm i\u00e7ecekler \u00fccretlidir&#8230; Konaklaman\u0131z boyunca faydalanabilece\u011finiz otelimizin teras\u0131nda bulunan Turkuaz Restaurant, Ana Restaurant, Ala carte restaurant ve havuz Kat\u0131m\u0131zda bulunan Snack barda yiyecek i\u00e7ecek servisi alabilirsiniz. Kahvalt\u0131 t\u00fcm<\/p>\n<a href=\"https:\/\/www.dericihotel.com\/tr\/restaurant-cafe-bar\/\" class=\"sohohotel-more-link\">Read More<i class=\"fa fa-angle-right\"><\/i><\/a>","protected":false},"author":3,"featured_media":0,"parent":0,"menu_order":0,"comment_status":"closed","ping_status":"closed","template":"","meta":{"footnotes":""},"class_list":["post-473","page","type-page","status-publish","hentry"],"_links":{"self":[{"href":"https:\/\/www.dericihotel.com\/tr\/wp-json\/wp\/v2\/pages\/473\/"}],"collection":[{"href":"https:\/\/www.dericihotel.com\/tr\/wp-json\/wp\/v2\/pages\/"}],"about":[{"href":"https:\/\/www.dericihotel.com\/tr\/wp-json\/wp\/v2\/types\/page\/"}],"author":[{"embeddable":true,"href":"https:\/\/www.dericihotel.com\/tr\/wp-json\/wp\/v2\/users\/3\/"}],"replies":[{"embeddable":true,"href":"https:\/\/www.dericihotel.com\/tr\/wp-json\/wp\/v2\/comments\/?post=473"}],"version-history":[{"count":3,"href":"https:\/\/www.dericihotel.com\/tr\/wp-json\/wp\/v2\/pages\/473\/revisions\/"}],"predecessor-version":[{"id":747,"href":"https:\/\/www.dericihotel.com\/tr\/wp-json\/wp\/v2\/pages\/473\/revisions\/747\/"}],"wp:attachment":[{"href":"https:\/\/www.dericihotel.com\/tr\/wp-json\/wp\/v2\/media\/?parent=473"}],"curies":[{"name":"wp","href":"https:\/\/api.w.org\/{rel}","templated":true}]}}