{"id":55,"date":"2021-04-23T21:38:51","date_gmt":"2021-04-23T18:38:51","guid":{"rendered":"http:\/\/dericihotel.com\/?page_id=55"},"modified":"2025-04-03T11:32:35","modified_gmt":"2025-04-03T08:32:35","slug":"hakkimizda","status":"publish","type":"page","link":"https:\/\/www.dericihotel.com\/tr\/hakkimizda\/","title":{"rendered":"Hakk\u0131m\u0131zda"},"content":{"rendered":"<p>[vc_row][vc_column width=&#8221;1\/2&#8243;][vc_column_text]<\/p>\n<div class=\"sohohotel-title3 sohohotel-title-color\">\n<h4>Hakk\u0131m\u0131zda<\/h4>\n<\/div>\n<p>[vc_column_text]1989 y\u0131l\u0131ndan bug\u00fcne t\u00fcm y\u0131l hizmet veren Derici Otel Ku\u015fadas\u0131 Merkezinde bulunmaktad\u0131r. \u00a0Oda Kahvalt\u0131 ve yar\u0131m pansiyon konseptiyle misafirlerini a\u011f\u0131rlamaktad\u0131r\u2026<\/p>\n<p>A\u00e7\u0131k ve kapal\u0131 y\u00fczme havuzlar\u0131 ile e\u011flenme ve dinlenme imkan\u0131 bulabilirsiniz. Masa tenisi, Bilardo, Spa Merkezinde sauna, buhar odas\u0131, fitness center, masaj hizmetlerinden faydalanarak rahatlayabilir ve kendinizi yenilenmi\u015f hissedebilirsiniz.<\/p>\n<p>Konaklaman\u0131z boyunca faydalanabilece\u011finiz. Tesiste bulunan ala carte restaurant, a\u00e7\u0131k restaurant, kapal\u0131 restaurantta yemeklerinizi yiyebilirsiniz.<\/p>\n<p>Otelimiz Denize 30m, plaja 70m, Taxi 20m ,Al\u0131\u015f veri\u015f Merkezine 50m, \u0130zmir Adnan Menderes Havaalan\u0131 80km, Efes 18km, Sel\u00e7uk 20km, Meryem Ana Evi 25km, Artemis Tap\u0131na\u011f\u0131 20km, \u015eirince K\u00f6y\u00fc 30km, Milli Park 25km, Samos ( Yunan Adas\u0131 )\u00a020 miles, Priene 60km, Miletos 65km, Didim 70km, Bafa G\u00f6l\u00fc Heraklia 70km,Afrodisias 160km, Hierapolis Pamukkale 200km), \u0130zmir 90km[\/vc_column_text][vc_empty_space][\/vc_column][vc_column width=&#8221;1\/2&#8243;][vc_empty_space][vc_gallery interval=&#8221;3&#8243; images=&#8221;337,338,339,341,342,343,344,345,346,347,348&#8243; img_size=&#8221;full&#8221;][\/vc_column][\/vc_row]<\/p>\n","protected":false},"excerpt":{"rendered":"<p>[vc_row][vc_column width=&#8221;1\/2&#8243;][vc_column_text] Hakk\u0131m\u0131zda [vc_column_text]1989 y\u0131l\u0131ndan bug\u00fcne t\u00fcm y\u0131l hizmet veren Derici Otel Ku\u015fadas\u0131 Merkezinde bulunmaktad\u0131r. \u00a0Oda Kahvalt\u0131 ve yar\u0131m pansiyon konseptiyle misafirlerini a\u011f\u0131rlamaktad\u0131r\u2026 A\u00e7\u0131k ve kapal\u0131 y\u00fczme havuzlar\u0131 ile e\u011flenme ve dinlenme imkan\u0131 bulabilirsiniz. Masa tenisi, Bilardo, Spa Merkezinde sauna, buhar odas\u0131, fitness center, masaj hizmetlerinden faydalanarak rahatlayabilir ve kendinizi yenilenmi\u015f hissedebilirsiniz. Konaklaman\u0131z boyunca faydalanabilece\u011finiz.<\/p>\n<a href=\"https:\/\/www.dericihotel.com\/tr\/hakkimizda\/\" class=\"sohohotel-more-link\">Read More<i class=\"fa fa-angle-right\"><\/i><\/a>","protected":false},"author":3,"featured_media":0,"parent":0,"menu_order":0,"comment_status":"closed","ping_status":"closed","template":"","meta":{"footnotes":""},"class_list":["post-55","page","type-page","status-publish","hentry"],"_links":{"self":[{"href":"https:\/\/www.dericihotel.com\/tr\/wp-json\/wp\/v2\/pages\/55\/"}],"collection":[{"href":"https:\/\/www.dericihotel.com\/tr\/wp-json\/wp\/v2\/pages\/"}],"about":[{"href":"https:\/\/www.dericihotel.com\/tr\/wp-json\/wp\/v2\/types\/page\/"}],"author":[{"embeddable":true,"href":"https:\/\/www.dericihotel.com\/tr\/wp-json\/wp\/v2\/users\/3\/"}],"replies":[{"embeddable":true,"href":"https:\/\/www.dericihotel.com\/tr\/wp-json\/wp\/v2\/comments\/?post=55"}],"version-history":[{"count":9,"href":"https:\/\/www.dericihotel.com\/tr\/wp-json\/wp\/v2\/pages\/55\/revisions\/"}],"predecessor-version":[{"id":744,"href":"https:\/\/www.dericihotel.com\/tr\/wp-json\/wp\/v2\/pages\/55\/revisions\/744\/"}],"wp:attachment":[{"href":"https:\/\/www.dericihotel.com\/tr\/wp-json\/wp\/v2\/media\/?parent=55"}],"curies":[{"name":"wp","href":"https:\/\/api.w.org\/{rel}","templated":true}]}}