{"id":63,"date":"2021-04-23T21:38:51","date_gmt":"2021-04-23T18:38:51","guid":{"rendered":"http:\/\/dericihotel.com\/?page_id=63"},"modified":"2025-04-03T14:50:47","modified_gmt":"2025-04-03T11:50:47","slug":"odalar","status":"publish","type":"page","link":"https:\/\/www.dericihotel.com\/tr\/odalar\/","title":{"rendered":"Odalar"},"content":{"rendered":"<p>[vc_row][vc_column]\t\t\n\t\t\t\t\t\n\t\t\t<!-- BEGIN .accommodation-block-wrapper -->\n\t\t\t<div class=\"accommodation-block-wrapper accommodation-3-cols shb-clearfix\">\n\t\t\t\n\t\t\t\t\n\t\t\t\t\t\n\t\t\t<!-- BEGIN .accommodation-block -->\n\t\t\t<div class=\"accommodation-block shb-clearfix\">\n\n\t\t\t\t<div class=\"accommodation-block-image\">\n\t\t\t\t\t\t\t\t\t\t\t<a href=\"https:\/\/www.dericihotel.com\/tr\/accommodation\/suit-oda\/\" rel=\"bookmark\" title=\"Suit Oda\">\n\t\t\t\t\t\t\t\t\t\t\t\t\t\t<img decoding=\"async\" src=\"https:\/\/www.dericihotel.com\/wp-content\/uploads\/2021\/04\/rsz_img_8883-600x380.jpg\" alt=\"Suit Oda\" \/>\t\t\t\t\t\t<\/a>\n\t\t\t\t\t\t\t\t\t<\/div>\n\n\t\t\t\t<div class=\"accommodation-block-content\">\n\t\t\t\t\t<h4><a href=\"https:\/\/www.dericihotel.com\/tr\/accommodation\/suit-oda\/\" rel=\"bookmark\" title=\"Suit Oda\">Suit Oda<\/a><\/h4>\n\t\t\t\t\t<div class=\"title-block-2\"><\/div>\n\n\t\t\t\t\t\t\t\t\t\t\n\t\t\t\t\t<ul>\r\n<li><span>Ki\u015fi Say\u0131s\u0131:<\/span> 2 Ki\u015fi<\/li>\r\n<li><span>Oda Boyutu:<\/span> 52M<sup>2<\/sup><\/li>\r\n<\/ul>\n\t\t\t\t\t<div class=\"shb-clearfix\">\n\t\t\t\t\t\t<a href=\"https:\/\/www.dericihotel.com\/tr\/accommodation\/suit-oda\/\" class=\"price-button\">from $0.00 <\/a>\n\t\t\t\t\t\t<a href=\"https:\/\/www.dericihotel.com\/tr\/accommodation\/suit-oda\/\" class=\"view-details-button\">Detaylar\u0131 g\u00f6ster <i class=\"fa fa-angle-right\"><\/i><\/a>\n\t\t\t\t\t<\/div>\n\n\t\t\t\t<\/div>\n\n\t\t\t<!-- END .accommodation-block -->\n\t\t\t<\/div>\n\t\t\t\n\t\t\t\t\t\n\t\t\t<!-- BEGIN .accommodation-block -->\n\t\t\t<div class=\"accommodation-block shb-clearfix\">\n\n\t\t\t\t<div class=\"accommodation-block-image\">\n\t\t\t\t\t\t\t\t\t\t\t<a href=\"https:\/\/www.dericihotel.com\/tr\/accommodation\/standart-oda\/\" rel=\"bookmark\" title=\"Standart Oda\">\n\t\t\t\t\t\t\t\t\t\t\t\t\t\t<img decoding=\"async\" src=\"https:\/\/www.dericihotel.com\/wp-content\/uploads\/2021\/04\/rsz_img_8791_ok-600x380.jpg\" alt=\"Standart Oda\" \/>\t\t\t\t\t\t<\/a>\n\t\t\t\t\t\t\t\t\t<\/div>\n\n\t\t\t\t<div class=\"accommodation-block-content\">\n\t\t\t\t\t<h4><a href=\"https:\/\/www.dericihotel.com\/tr\/accommodation\/standart-oda\/\" rel=\"bookmark\" title=\"Standart Oda\">Standart Oda<\/a><\/h4>\n\t\t\t\t\t<div class=\"title-block-2\"><\/div>\n\n\t\t\t\t\t\t\t\t\t\t\n\t\t\t\t\t<ul>\r\n<li><span>Ki\u015fi Say\u0131s\u0131:<\/span> 2 Ki\u015fi<\/li>\r\n<li><span>Oda Boyutu:<\/span> 26M<sup>2<\/sup><\/li>\r\n<\/ul>\n\t\t\t\t\t<div class=\"shb-clearfix\">\n\t\t\t\t\t\t<a href=\"https:\/\/www.dericihotel.com\/tr\/accommodation\/standart-oda\/\" class=\"price-button\">from $0.00 <\/a>\n\t\t\t\t\t\t<a href=\"https:\/\/www.dericihotel.com\/tr\/accommodation\/standart-oda\/\" class=\"view-details-button\">Detaylar\u0131 g\u00f6ster <i class=\"fa fa-angle-right\"><\/i><\/a>\n\t\t\t\t\t<\/div>\n\n\t\t\t\t<\/div>\n\n\t\t\t<!-- END .accommodation-block -->\n\t\t\t<\/div>\n\t\t\t\n\t\t\t\t\n\t\t<!-- END .accommodation-block-wrapper -->\n\t\t<\/div>\n\t\t\n\t\t\n\t\t\t\t\n\t\t\t\n\t\t\t\t\n\t\t\t[\/vc_column][\/vc_row]<\/p>\n","protected":false},"excerpt":{"rendered":"<p>[vc_row][vc_column][\/vc_column][\/vc_row]<\/p>\n<a href=\"https:\/\/www.dericihotel.com\/tr\/accommodation\/standart-oda\/\" class=\"sohohotel-more-link\">Read More<i class=\"fa fa-angle-right\"><\/i><\/a>","protected":false},"author":3,"featured_media":0,"parent":0,"menu_order":0,"comment_status":"closed","ping_status":"closed","template":"","meta":{"footnotes":""},"class_list":["post-63","page","type-page","status-publish","hentry"],"_links":{"self":[{"href":"https:\/\/www.dericihotel.com\/tr\/wp-json\/wp\/v2\/pages\/63\/"}],"collection":[{"href":"https:\/\/www.dericihotel.com\/tr\/wp-json\/wp\/v2\/pages\/"}],"about":[{"href":"https:\/\/www.dericihotel.com\/tr\/wp-json\/wp\/v2\/types\/page\/"}],"author":[{"embeddable":true,"href":"https:\/\/www.dericihotel.com\/tr\/wp-json\/wp\/v2\/users\/3\/"}],"replies":[{"embeddable":true,"href":"https:\/\/www.dericihotel.com\/tr\/wp-json\/wp\/v2\/comments\/?post=63"}],"version-history":[{"count":4,"href":"https:\/\/www.dericihotel.com\/tr\/wp-json\/wp\/v2\/pages\/63\/revisions\/"}],"predecessor-version":[{"id":764,"href":"https:\/\/www.dericihotel.com\/tr\/wp-json\/wp\/v2\/pages\/63\/revisions\/764\/"}],"wp:attachment":[{"href":"https:\/\/www.dericihotel.com\/tr\/wp-json\/wp\/v2\/media\/?parent=63"}],"curies":[{"name":"wp","href":"https:\/\/api.w.org\/{rel}","templated":true}]}}